{"id":9,"date":"2019-09-07T16:00:56","date_gmt":"2019-09-07T14:00:56","guid":{"rendered":"http:\/\/philologia.ch\/wordpress\/?page_id=9"},"modified":"2020-05-28T16:54:19","modified_gmt":"2020-05-28T14:54:19","slug":"verein","status":"publish","type":"page","link":"https:\/\/philologia.ch\/wordpress\/fr\/verein\/","title":{"rendered":"Association"},"content":{"rendered":"<p>L'association encourage les liens entre les professeurs de langues anciennes en Suisse, au-del\u00e0 des r\u00e9gions et des fronti\u00e8res linguistiques. Elle organise un cours de formation annuel de plusieurs jours pour ses membres. Nos membres planifient, r\u00e9alisent et soutiennent des mesures et des \u00e9v\u00e9nements dans les r\u00e9gions afin de faire conna\u00eetre au grand public les langues anciennes et l'art, la litt\u00e9rature, l'architecture, la philosophie et la musique qu'elles ont fa\u00e7onn\u00e9s.<\/p>\n<p>En tant que section de l'Association suisse des professeurs de gymnastique, l'Association des philologues classiques contribue \u00e0 l'\u00e9laboration de la politique en mati\u00e8re de gymnastique, et en tant que membre de l'Euroclassica, elle entretient des contacts avec les professeurs de langues anciennes dans la plupart des pays europ\u00e9ens.<\/p>\n<p>Nos pages contiennent des informations sur les \u00e9v\u00e9nements actuels et les expositions pour les visiteurs int\u00e9ress\u00e9s. Vous trouverez un aper\u00e7u des principales adresses WWW concernant les langues anciennes et la culture ancienne dans notre collection de liens annot\u00e9s (avec des liens vers les universit\u00e9s, vers des pages d'entr\u00e9e g\u00e9n\u00e9rales, vers les \u00e9coles et les serveurs scolaires ainsi que vers des collections de mat\u00e9riel et des logiciels). Les adresses des membres du conseil d'administration ont \u00e9t\u00e9 compil\u00e9es pour faciliter les contacts.<\/p>\n<p>La page \"Pourquoi apprendre les langues anciennes ?\" s'adresse tout particuli\u00e8rement aux \u00e9l\u00e8ves, o\u00f9 sont donn\u00e9es des informations et des r\u00e9flexions sur le choix du latin et du grec comme mati\u00e8res. Du mat\u00e9riel d'information suppl\u00e9mentaire (brochures, affiches) peut \u00eatre command\u00e9 via cette page.<\/p>\n<p>Pour les coll\u00e8gues, les deux mati\u00e8res \"Ecole\" et \"Latinum\" sont con\u00e7ues, o\u00f9, en plus du mat\u00e9riel p\u00e9dagogique, des contributions de discussion et des statistiques sur le statut des langues anciennes sont publi\u00e9es. Ces informations ainsi que des articles sur d'autres sujets peuvent \u00e9galement \u00eatre trouv\u00e9s dans la version en ligne de notre Bulletin.<\/p>\n<p>L'ordre du jour avec les dates sp\u00e9cifiques \u00e0 l'association (r\u00e9unions, assembl\u00e9es et formations continues) et la liste des membres int\u00e9ressent exclusivement les membres.<\/p>\n<p>Vous trouverez de plus amples informations dans notre brochure publicitaire.<\/p>\n<div id=\"eta_3\" class=\"ewe_edit_button lazyload\" style=\"background-image:inherit;\" data-bg-image=\"url(&#039;chrome-extension:\/\/ljobjlafonikaiipfkggjbhkghgicgoh\/icons\/gumdrop.png&#039;)\">\u00a0<\/div>\n\n\n<p><\/p>","protected":false},"excerpt":{"rendered":"<p>Der Verband f\u00f6rdert die Verbindung unter den Lehrenden der Alten Sprachen in der Schweiz \u00fcber die Regionen und Sprachgrenzen hinweg. Er organisiert f\u00fcr seine Mitglieder j\u00e4hrlich einen mehrt\u00e4gigen fachbezogenen Weiterbildungskurs. Unsere Mitglieder planen, realisieren und unterst\u00fctzen in den Regionen Massnahmen und Veranstaltungen, um die Alten Sprachen und die von ihnen gepr\u00e4gte Kunst, Literatur, Architektur, Philosophie &hellip; <\/p>\n<p class=\"link-more\"><a href=\"https:\/\/philologia.ch\/wordpress\/fr\/verein\/\" class=\"more-link\">Continuer la lecture<span class=\"screen-reader-text\"> de &laquo;&nbsp;Verein&nbsp;&raquo;<\/span><\/a><\/p>","protected":false},"author":1,"featured_media":34,"parent":0,"menu_order":0,"comment_status":"closed","ping_status":"closed","template":"","meta":{"footnotes":""},"class_list":["post-9","page","type-page","status-publish","has-post-thumbnail","hentry"],"yoast_head":"<!-- This site is optimized with the Yoast SEO plugin v27.4 - https:\/\/yoast.com\/product\/yoast-seo-wordpress\/ -->\n<title>Verein - SAV\/ASPC\/ASFC<\/title>\n<meta name=\"robots\" content=\"index, follow, max-snippet:-1, max-image-preview:large, max-video-preview:-1\" \/>\n<link rel=\"canonical\" href=\"http:\/\/philologia.ch\/wordpress\/fr\/verein\/\" \/>\n<meta property=\"og:locale\" content=\"fr_FR\" \/>\n<meta property=\"og:type\" content=\"article\" \/>\n<meta property=\"og:title\" content=\"Verein - SAV\/ASPC\/ASFC\" \/>\n<meta property=\"og:description\" content=\"Der Verband f\u00f6rdert die Verbindung unter den Lehrenden der Alten Sprachen in der Schweiz \u00fcber die Regionen und Sprachgrenzen hinweg. Er organisiert f\u00fcr seine Mitglieder j\u00e4hrlich einen mehrt\u00e4gigen fachbezogenen Weiterbildungskurs. Unsere Mitglieder planen, realisieren und unterst\u00fctzen in den Regionen Massnahmen und Veranstaltungen, um die Alten Sprachen und die von ihnen gepr\u00e4gte Kunst, Literatur, Architektur, Philosophie &hellip; Continuer la lecture de &laquo;&nbsp;Verein&nbsp;&raquo;\" \/>\n<meta property=\"og:url\" content=\"http:\/\/philologia.ch\/wordpress\/fr\/verein\/\" \/>\n<meta property=\"og:site_name\" content=\"SAV\/ASPC\/ASFC\" \/>\n<meta property=\"article:modified_time\" content=\"2020-05-28T14:54:19+00:00\" \/>\n<meta property=\"og:image\" content=\"http:\/\/philologia.ch\/wordpress\/wp-content\/uploads\/2019\/09\/Akropolis_SHansche-iStock.jpg\" \/>\n\t<meta property=\"og:image:width\" content=\"1366\" \/>\n\t<meta property=\"og:image:height\" content=\"768\" \/>\n\t<meta property=\"og:image:type\" content=\"image\/jpeg\" \/>\n<meta name=\"twitter:card\" content=\"summary_large_image\" \/>\n<meta name=\"twitter:label1\" content=\"Dur\u00e9e de lecture estim\u00e9e\" \/>\n\t<meta name=\"twitter:data1\" content=\"1 minute\" \/>\n<script type=\"application\/ld+json\" class=\"yoast-schema-graph\">{\"@context\":\"https:\\\/\\\/schema.org\",\"@graph\":[{\"@type\":\"WebPage\",\"@id\":\"http:\\\/\\\/philologia.ch\\\/wordpress\\\/verein\\\/\",\"url\":\"http:\\\/\\\/philologia.ch\\\/wordpress\\\/verein\\\/\",\"name\":\"Verein - SAV\\\/ASPC\\\/ASFC\",\"isPartOf\":{\"@id\":\"http:\\\/\\\/philologia.ch\\\/wordpress\\\/#website\"},\"primaryImageOfPage\":{\"@id\":\"http:\\\/\\\/philologia.ch\\\/wordpress\\\/verein\\\/#primaryimage\"},\"image\":{\"@id\":\"http:\\\/\\\/philologia.ch\\\/wordpress\\\/verein\\\/#primaryimage\"},\"thumbnailUrl\":\"https:\\\/\\\/philologia.ch\\\/wordpress\\\/wp-content\\\/uploads\\\/2019\\\/09\\\/Akropolis_SHansche-iStock.jpg\",\"datePublished\":\"2019-09-07T14:00:56+00:00\",\"dateModified\":\"2020-05-28T14:54:19+00:00\",\"breadcrumb\":{\"@id\":\"http:\\\/\\\/philologia.ch\\\/wordpress\\\/verein\\\/#breadcrumb\"},\"inLanguage\":\"fr-FR\",\"potentialAction\":[{\"@type\":\"ReadAction\",\"target\":[\"http:\\\/\\\/philologia.ch\\\/wordpress\\\/verein\\\/\"]}]},{\"@type\":\"ImageObject\",\"inLanguage\":\"fr-FR\",\"@id\":\"http:\\\/\\\/philologia.ch\\\/wordpress\\\/verein\\\/#primaryimage\",\"url\":\"https:\\\/\\\/philologia.ch\\\/wordpress\\\/wp-content\\\/uploads\\\/2019\\\/09\\\/Akropolis_SHansche-iStock.jpg\",\"contentUrl\":\"https:\\\/\\\/philologia.ch\\\/wordpress\\\/wp-content\\\/uploads\\\/2019\\\/09\\\/Akropolis_SHansche-iStock.jpg\",\"width\":1366,\"height\":768,\"caption\":\"Akropolis\"},{\"@type\":\"BreadcrumbList\",\"@id\":\"http:\\\/\\\/philologia.ch\\\/wordpress\\\/verein\\\/#breadcrumb\",\"itemListElement\":[{\"@type\":\"ListItem\",\"position\":1,\"name\":\"Home\",\"item\":\"http:\\\/\\\/philologia.ch\\\/wordpress\\\/\"},{\"@type\":\"ListItem\",\"position\":2,\"name\":\"Verein\"}]},{\"@type\":\"WebSite\",\"@id\":\"http:\\\/\\\/philologia.ch\\\/wordpress\\\/#website\",\"url\":\"http:\\\/\\\/philologia.ch\\\/wordpress\\\/\",\"name\":\"SAV\\\/ASPC\\\/ASFC\",\"description\":\"Schweizerischer Altphilologenverband\",\"potentialAction\":[{\"@type\":\"SearchAction\",\"target\":{\"@type\":\"EntryPoint\",\"urlTemplate\":\"http:\\\/\\\/philologia.ch\\\/wordpress\\\/?s={search_term_string}\"},\"query-input\":{\"@type\":\"PropertyValueSpecification\",\"valueRequired\":true,\"valueName\":\"search_term_string\"}}],\"inLanguage\":\"fr-FR\"}]}<\/script>\n<!-- \/ Yoast SEO plugin. -->","yoast_head_json":{"title":"Verein - SAV\/ASPC\/ASFC","robots":{"index":"index","follow":"follow","max-snippet":"max-snippet:-1","max-image-preview":"max-image-preview:large","max-video-preview":"max-video-preview:-1"},"canonical":"http:\/\/philologia.ch\/wordpress\/fr\/verein\/","og_locale":"fr_FR","og_type":"article","og_title":"Verein - SAV\/ASPC\/ASFC","og_description":"Der Verband f\u00f6rdert die Verbindung unter den Lehrenden der Alten Sprachen in der Schweiz \u00fcber die Regionen und Sprachgrenzen hinweg. Er organisiert f\u00fcr seine Mitglieder j\u00e4hrlich einen mehrt\u00e4gigen fachbezogenen Weiterbildungskurs. Unsere Mitglieder planen, realisieren und unterst\u00fctzen in den Regionen Massnahmen und Veranstaltungen, um die Alten Sprachen und die von ihnen gepr\u00e4gte Kunst, Literatur, Architektur, Philosophie &hellip; Continuer la lecture de &laquo;&nbsp;Verein&nbsp;&raquo;","og_url":"http:\/\/philologia.ch\/wordpress\/fr\/verein\/","og_site_name":"SAV\/ASPC\/ASFC","article_modified_time":"2020-05-28T14:54:19+00:00","og_image":[{"width":1366,"height":768,"url":"http:\/\/philologia.ch\/wordpress\/wp-content\/uploads\/2019\/09\/Akropolis_SHansche-iStock.jpg","type":"image\/jpeg"}],"twitter_card":"summary_large_image","twitter_misc":{"Dur\u00e9e de lecture estim\u00e9e":"1 minute"},"schema":{"@context":"https:\/\/schema.org","@graph":[{"@type":"WebPage","@id":"http:\/\/philologia.ch\/wordpress\/verein\/","url":"http:\/\/philologia.ch\/wordpress\/verein\/","name":"Verein - SAV\/ASPC\/ASFC","isPartOf":{"@id":"http:\/\/philologia.ch\/wordpress\/#website"},"primaryImageOfPage":{"@id":"http:\/\/philologia.ch\/wordpress\/verein\/#primaryimage"},"image":{"@id":"http:\/\/philologia.ch\/wordpress\/verein\/#primaryimage"},"thumbnailUrl":"https:\/\/philologia.ch\/wordpress\/wp-content\/uploads\/2019\/09\/Akropolis_SHansche-iStock.jpg","datePublished":"2019-09-07T14:00:56+00:00","dateModified":"2020-05-28T14:54:19+00:00","breadcrumb":{"@id":"http:\/\/philologia.ch\/wordpress\/verein\/#breadcrumb"},"inLanguage":"fr-FR","potentialAction":[{"@type":"ReadAction","target":["http:\/\/philologia.ch\/wordpress\/verein\/"]}]},{"@type":"ImageObject","inLanguage":"fr-FR","@id":"http:\/\/philologia.ch\/wordpress\/verein\/#primaryimage","url":"https:\/\/philologia.ch\/wordpress\/wp-content\/uploads\/2019\/09\/Akropolis_SHansche-iStock.jpg","contentUrl":"https:\/\/philologia.ch\/wordpress\/wp-content\/uploads\/2019\/09\/Akropolis_SHansche-iStock.jpg","width":1366,"height":768,"caption":"Akropolis"},{"@type":"BreadcrumbList","@id":"http:\/\/philologia.ch\/wordpress\/verein\/#breadcrumb","itemListElement":[{"@type":"ListItem","position":1,"name":"Home","item":"http:\/\/philologia.ch\/wordpress\/"},{"@type":"ListItem","position":2,"name":"Verein"}]},{"@type":"WebSite","@id":"http:\/\/philologia.ch\/wordpress\/#website","url":"http:\/\/philologia.ch\/wordpress\/","name":"SAV\/ASPC\/ASFC","description":"Association Suisse des philologues classiques","potentialAction":[{"@type":"SearchAction","target":{"@type":"EntryPoint","urlTemplate":"http:\/\/philologia.ch\/wordpress\/?s={search_term_string}"},"query-input":{"@type":"PropertyValueSpecification","valueRequired":true,"valueName":"search_term_string"}}],"inLanguage":"fr-FR"}]}},"_links":{"self":[{"href":"https:\/\/philologia.ch\/wordpress\/fr\/wp-json\/wp\/v2\/pages\/9","targetHints":{"allow":["GET"]}}],"collection":[{"href":"https:\/\/philologia.ch\/wordpress\/fr\/wp-json\/wp\/v2\/pages"}],"about":[{"href":"https:\/\/philologia.ch\/wordpress\/fr\/wp-json\/wp\/v2\/types\/page"}],"author":[{"embeddable":true,"href":"https:\/\/philologia.ch\/wordpress\/fr\/wp-json\/wp\/v2\/users\/1"}],"replies":[{"embeddable":true,"href":"https:\/\/philologia.ch\/wordpress\/fr\/wp-json\/wp\/v2\/comments?post=9"}],"version-history":[{"count":4,"href":"https:\/\/philologia.ch\/wordpress\/fr\/wp-json\/wp\/v2\/pages\/9\/revisions"}],"predecessor-version":[{"id":147,"href":"https:\/\/philologia.ch\/wordpress\/fr\/wp-json\/wp\/v2\/pages\/9\/revisions\/147"}],"wp:featuredmedia":[{"embeddable":true,"href":"https:\/\/philologia.ch\/wordpress\/fr\/wp-json\/wp\/v2\/media\/34"}],"wp:attachment":[{"href":"https:\/\/philologia.ch\/wordpress\/fr\/wp-json\/wp\/v2\/media?parent=9"}],"curies":[{"name":"wp","href":"https:\/\/api.w.org\/{rel}","templated":true}]}}