{"id":84,"date":"2020-05-25T21:40:20","date_gmt":"2020-05-25T19:40:20","guid":{"rendered":"http:\/\/philologia.ch\/wordpress\/?page_id=84"},"modified":"2023-03-06T17:27:18","modified_gmt":"2023-03-06T16:27:18","slug":"beitritt","status":"publish","type":"page","link":"https:\/\/philologia.ch\/wordpress\/fr\/beitritt\/","title":{"rendered":"Adh\u00e9sion"},"content":{"rendered":"<p>Vous pouvez adh\u00e9rer \u00e0 l'ASB par l'interm\u00e9diaire de l'Association des professeurs de gymnastique suisses (APS). Sur son <a target=\"_blank\" href=\"http:\/\/www.vsg-sspes.ch\" rel=\"noreferrer noopener\">site web<\/a> , sous le mot-cl\u00e9 \"Membership\", vous trouverez des informations compl\u00e9mentaires et un <a target=\"_blank\" href=\"https:\/\/www.vsg-sspes.ch\/mitgliedschaft\/mitglied-werden\/\" rel=\"noreferrer noopener\">formulaire de demande<\/a>que vous pouvez remplir en ligne.<\/p>\n\n\n\n<p>Les enseignants du <strong>niveau secondaire I<\/strong> ou d'autres parties int\u00e9ress\u00e9es peuvent \u00e9galement adh\u00e9rer \u00e0 la SAV. Il suffit de remplir le <a href=\"http:\/\/philologia.ch\/wordpress\/fr\/Beitritt_SAV.php\/\">formulaire de demande de SAV.<\/a> aus.<\/p>\n\n\n\n<p>La cotisation est de 45,00 Fr.<\/p>\n\n\n\n<p><strong>Les personnes qui sont sur la liste de paie<\/strong> peuvent rester \u00e0 la SAV sans avoir \u00e0 payer de cotisations (qu'elles soient ou non \u00e9galement membres de l'ASG). Les membres de l'ASG paient une cotisation r\u00e9duite \u00e0 l'ASG apr\u00e8s leur d\u00e9part \u00e0 la retraite. Veuillez signaler votre d\u00e9part \u00e0 la retraite au Secr\u00e9tariat de l'ASG (Secr\u00e9tariat, 3000 Berne, 056 443 14 54) afin que votre facture d'adh\u00e9sion soit \u00e9tablie correctement. <a href=\"mailto:information@vsg-sspes.ch\">Secr\u00e9tariat<\/a> des VSG &#8211; SSPES &#8211; SSISS (Generalsekretariat, Monbijoustrasse 36, CH-3011 Bern, +41 31 382 52 33), damit Ihre Mitgliederrechnung korrekt ausgestellt wird.<\/p>\n\n\n\n<p>Vous trouverez de plus amples informations sur notre association dans notre <a href=\"http:\/\/philologia.ch\/wordpress\/fr\/docs\/SAV.pdf\/\">brochure publicitaire.<\/a>.<\/p>","protected":false},"excerpt":{"rendered":"<p>Sie k\u00f6nnen dem SAV \u00fcber den Verband Schweizerischer Gymnasiallehrer (VSG) beitreten. Auf dessen Website finden Sie unter dem Stichwort \u201eMitgliedschaft\u201c weitere Informationen und ein Anmeldeformular, welches Sie online ausf\u00fcllen k\u00f6nnen. Lehrpersonen der Sekundarstufe I oder andere Interessierte k\u00f6nnen auch nur dem SAV beitreten. F\u00fcllen Sie daf\u00fcr einfach das Anmeldeformular des SAV aus. Der Mitgliederbeitrag betr\u00e4gt &hellip; <\/p>\n<p class=\"link-more\"><a href=\"https:\/\/philologia.ch\/wordpress\/fr\/beitritt\/\" class=\"more-link\">Continuer la lecture<span class=\"screen-reader-text\"> de &laquo;&nbsp;Beitritt&nbsp;&raquo;<\/span><\/a><\/p>","protected":false},"author":1,"featured_media":0,"parent":0,"menu_order":0,"comment_status":"closed","ping_status":"closed","template":"","meta":{"footnotes":""},"class_list":["post-84","page","type-page","status-publish","hentry"],"yoast_head":"<!-- This site is optimized with the Yoast SEO plugin v27.4 - https:\/\/yoast.com\/product\/yoast-seo-wordpress\/ -->\n<title>Beitritt - SAV\/ASPC\/ASFC<\/title>\n<meta name=\"robots\" content=\"index, follow, max-snippet:-1, max-image-preview:large, max-video-preview:-1\" \/>\n<link rel=\"canonical\" href=\"http:\/\/philologia.ch\/wordpress\/fr\/beitritt\/\" \/>\n<meta property=\"og:locale\" content=\"fr_FR\" \/>\n<meta property=\"og:type\" content=\"article\" \/>\n<meta property=\"og:title\" content=\"Beitritt - SAV\/ASPC\/ASFC\" \/>\n<meta property=\"og:description\" content=\"Sie k\u00f6nnen dem SAV \u00fcber den Verband Schweizerischer Gymnasiallehrer (VSG) beitreten. Auf dessen Website finden Sie unter dem Stichwort \u201eMitgliedschaft\u201c weitere Informationen und ein Anmeldeformular, welches Sie online ausf\u00fcllen k\u00f6nnen. Lehrpersonen der Sekundarstufe I oder andere Interessierte k\u00f6nnen auch nur dem SAV beitreten. F\u00fcllen Sie daf\u00fcr einfach das Anmeldeformular des SAV aus. Der Mitgliederbeitrag betr\u00e4gt &hellip; Continuer la lecture de &laquo;&nbsp;Beitritt&nbsp;&raquo;\" \/>\n<meta property=\"og:url\" content=\"http:\/\/philologia.ch\/wordpress\/fr\/beitritt\/\" \/>\n<meta property=\"og:site_name\" content=\"SAV\/ASPC\/ASFC\" \/>\n<meta property=\"article:modified_time\" content=\"2023-03-06T16:27:18+00:00\" \/>\n<meta name=\"twitter:card\" content=\"summary_large_image\" \/>\n<meta name=\"twitter:label1\" content=\"Dur\u00e9e de lecture estim\u00e9e\" \/>\n\t<meta name=\"twitter:data1\" content=\"1 minute\" \/>\n<script type=\"application\/ld+json\" class=\"yoast-schema-graph\">{\"@context\":\"https:\\\/\\\/schema.org\",\"@graph\":[{\"@type\":\"WebPage\",\"@id\":\"http:\\\/\\\/philologia.ch\\\/wordpress\\\/beitritt\\\/\",\"url\":\"http:\\\/\\\/philologia.ch\\\/wordpress\\\/beitritt\\\/\",\"name\":\"Beitritt - SAV\\\/ASPC\\\/ASFC\",\"isPartOf\":{\"@id\":\"http:\\\/\\\/philologia.ch\\\/wordpress\\\/#website\"},\"datePublished\":\"2020-05-25T19:40:20+00:00\",\"dateModified\":\"2023-03-06T16:27:18+00:00\",\"breadcrumb\":{\"@id\":\"http:\\\/\\\/philologia.ch\\\/wordpress\\\/beitritt\\\/#breadcrumb\"},\"inLanguage\":\"fr-FR\",\"potentialAction\":[{\"@type\":\"ReadAction\",\"target\":[\"http:\\\/\\\/philologia.ch\\\/wordpress\\\/beitritt\\\/\"]}]},{\"@type\":\"BreadcrumbList\",\"@id\":\"http:\\\/\\\/philologia.ch\\\/wordpress\\\/beitritt\\\/#breadcrumb\",\"itemListElement\":[{\"@type\":\"ListItem\",\"position\":1,\"name\":\"Home\",\"item\":\"http:\\\/\\\/philologia.ch\\\/wordpress\\\/\"},{\"@type\":\"ListItem\",\"position\":2,\"name\":\"Beitritt\"}]},{\"@type\":\"WebSite\",\"@id\":\"http:\\\/\\\/philologia.ch\\\/wordpress\\\/#website\",\"url\":\"http:\\\/\\\/philologia.ch\\\/wordpress\\\/\",\"name\":\"SAV\\\/ASPC\\\/ASFC\",\"description\":\"Schweizerischer Altphilologenverband\",\"potentialAction\":[{\"@type\":\"SearchAction\",\"target\":{\"@type\":\"EntryPoint\",\"urlTemplate\":\"http:\\\/\\\/philologia.ch\\\/wordpress\\\/?s={search_term_string}\"},\"query-input\":{\"@type\":\"PropertyValueSpecification\",\"valueRequired\":true,\"valueName\":\"search_term_string\"}}],\"inLanguage\":\"fr-FR\"}]}<\/script>\n<!-- \/ Yoast SEO plugin. -->","yoast_head_json":{"title":"Beitritt - SAV\/ASPC\/ASFC","robots":{"index":"index","follow":"follow","max-snippet":"max-snippet:-1","max-image-preview":"max-image-preview:large","max-video-preview":"max-video-preview:-1"},"canonical":"http:\/\/philologia.ch\/wordpress\/fr\/beitritt\/","og_locale":"fr_FR","og_type":"article","og_title":"Beitritt - SAV\/ASPC\/ASFC","og_description":"Sie k\u00f6nnen dem SAV \u00fcber den Verband Schweizerischer Gymnasiallehrer (VSG) beitreten. Auf dessen Website finden Sie unter dem Stichwort \u201eMitgliedschaft\u201c weitere Informationen und ein Anmeldeformular, welches Sie online ausf\u00fcllen k\u00f6nnen. Lehrpersonen der Sekundarstufe I oder andere Interessierte k\u00f6nnen auch nur dem SAV beitreten. F\u00fcllen Sie daf\u00fcr einfach das Anmeldeformular des SAV aus. Der Mitgliederbeitrag betr\u00e4gt &hellip; Continuer la lecture de &laquo;&nbsp;Beitritt&nbsp;&raquo;","og_url":"http:\/\/philologia.ch\/wordpress\/fr\/beitritt\/","og_site_name":"SAV\/ASPC\/ASFC","article_modified_time":"2023-03-06T16:27:18+00:00","twitter_card":"summary_large_image","twitter_misc":{"Dur\u00e9e de lecture estim\u00e9e":"1 minute"},"schema":{"@context":"https:\/\/schema.org","@graph":[{"@type":"WebPage","@id":"http:\/\/philologia.ch\/wordpress\/beitritt\/","url":"http:\/\/philologia.ch\/wordpress\/beitritt\/","name":"Beitritt - SAV\/ASPC\/ASFC","isPartOf":{"@id":"http:\/\/philologia.ch\/wordpress\/#website"},"datePublished":"2020-05-25T19:40:20+00:00","dateModified":"2023-03-06T16:27:18+00:00","breadcrumb":{"@id":"http:\/\/philologia.ch\/wordpress\/beitritt\/#breadcrumb"},"inLanguage":"fr-FR","potentialAction":[{"@type":"ReadAction","target":["http:\/\/philologia.ch\/wordpress\/beitritt\/"]}]},{"@type":"BreadcrumbList","@id":"http:\/\/philologia.ch\/wordpress\/beitritt\/#breadcrumb","itemListElement":[{"@type":"ListItem","position":1,"name":"Home","item":"http:\/\/philologia.ch\/wordpress\/"},{"@type":"ListItem","position":2,"name":"Beitritt"}]},{"@type":"WebSite","@id":"http:\/\/philologia.ch\/wordpress\/#website","url":"http:\/\/philologia.ch\/wordpress\/","name":"SAV\/ASPC\/ASFC","description":"Association Suisse des philologues classiques","potentialAction":[{"@type":"SearchAction","target":{"@type":"EntryPoint","urlTemplate":"http:\/\/philologia.ch\/wordpress\/?s={search_term_string}"},"query-input":{"@type":"PropertyValueSpecification","valueRequired":true,"valueName":"search_term_string"}}],"inLanguage":"fr-FR"}]}},"_links":{"self":[{"href":"https:\/\/philologia.ch\/wordpress\/fr\/wp-json\/wp\/v2\/pages\/84","targetHints":{"allow":["GET"]}}],"collection":[{"href":"https:\/\/philologia.ch\/wordpress\/fr\/wp-json\/wp\/v2\/pages"}],"about":[{"href":"https:\/\/philologia.ch\/wordpress\/fr\/wp-json\/wp\/v2\/types\/page"}],"author":[{"embeddable":true,"href":"https:\/\/philologia.ch\/wordpress\/fr\/wp-json\/wp\/v2\/users\/1"}],"replies":[{"embeddable":true,"href":"https:\/\/philologia.ch\/wordpress\/fr\/wp-json\/wp\/v2\/comments?post=84"}],"version-history":[{"count":2,"href":"https:\/\/philologia.ch\/wordpress\/fr\/wp-json\/wp\/v2\/pages\/84\/revisions"}],"predecessor-version":[{"id":540,"href":"https:\/\/philologia.ch\/wordpress\/fr\/wp-json\/wp\/v2\/pages\/84\/revisions\/540"}],"wp:attachment":[{"href":"https:\/\/philologia.ch\/wordpress\/fr\/wp-json\/wp\/v2\/media?parent=84"}],"curies":[{"name":"wp","href":"https:\/\/api.w.org\/{rel}","templated":true}]}}