{"id":2,"date":"2019-09-07T15:57:19","date_gmt":"2019-09-07T13:57:19","guid":{"rendered":"http:\/\/philologia.ch\/wordpress\/?page_id=2"},"modified":"2025-11-10T17:46:15","modified_gmt":"2025-11-10T16:46:15","slug":"beispiel-seite","status":"publish","type":"page","link":"https:\/\/philologia.ch\/wordpress\/fr\/verein\/beispiel-seite\/","title":{"rendered":"Statuts"},"content":{"rendered":"<h4 class=\"wp-block-heading\">Art.&nbsp;1<\/h4>\n\n\n\n<p>Der Schweizerische Altphilologenverband (SAV) hat den Zweck, die Lehrerinnen und Lehrer der Sprachen L und GR an den schweizerischen Mittelschulen wissenschaftlich und methodisch zu f\u00f6rdern und ihnen durch die Gelegenheit zu pers\u00f6nlichem Kontakt weitere Anregungen zu bieten. Er unterh\u00e4lt einen Fonds zur F\u00f6rderung wissenschaftlicher Bestrebungen.<\/p>\n\n\n\n<h4 class=\"wp-block-heading\">Art.&nbsp;2<\/h4>\n\n\n\n<p>Der SAV geh\u00f6rt als Fachverband dem Verein Schweizerischer Gymnasiallehrerinnen und Gymnasiallehrer (VSG) an. Die Rechte und Pflichten des Fachverbands werden durch die Statuten des VSG bestimmt.<\/p>\n\n\n\n<h4 class=\"wp-block-heading\">Art.&nbsp;3<\/h4>\n\n\n\n<p>Neben den Lehrerinnen und Lehrern der Sprachen L und GR an den Mittel- und Hochschulen k\u00f6nnen auch andere Vertreter der Altertumswissenschaften sowie Angeh\u00f6rige anderer Fachverb\u00e4nde des VSG als Mitglieder aufgenommen werden.<\/p>\n\n\n\n<h4 class=\"wp-block-heading\">Art.&nbsp;4<\/h4>\n\n\n\n<p>Mitglieder im Ruhestand sind von der Entrichtung des Jahresbeitrages befreit.<\/p>\n\n\n\n<h4 class=\"wp-block-heading\">Art.&nbsp;5<\/h4>\n\n\n\n<p>Der SAV versammelt sich mindestens einmal im Jahr. Die ordentliche Jahresversammlung findet in der Regel in Verbindung mit der Generalversammlung des VSG statt. Der SAV kann ausserdem verschiedene Formen von Weiterbildungen anbieten.<\/p>\n\n\n\n<h4 class=\"wp-block-heading\">Art.&nbsp;6<\/h4>\n\n\n\n<p>An der ordentlichen Jahresversammlung werden wissenschaftliche, methodische oder berufliche Fragen behandelt. Im gesch\u00e4ftlichen Teil der Jahresversammlung erledigt der SAV die folgenden ordentlichen Gesch\u00e4fte:<br>a) Jahresbericht und Rechnungsablage<br>b) Festsetzung des Jahresbeitrags<br>c) Wahl des Vorstandes und der Rechnungsrevisorinnen\/-revisoren<\/p>\n\n\n\n<h4 class=\"wp-block-heading\">Art.&nbsp;7<\/h4>\n\n\n\n<p>Eine ausserordentliche Versammlung kann vom Vorstand zur Behandlung gesch\u00e4ftlicher Fragen einberufen werden. Sie muss einberufen werden, wenn ein F\u00fcnftel aller Mitglieder es verlangt.<\/p>\n\n\n\n<h4 class=\"wp-block-heading\">Art.&nbsp;8<\/h4>\n\n\n\n<p>Der Vorstand besteht aus f\u00fcnf bis neun Mitgliedern, die von der ordentlichen Jahresversammlung gew\u00e4hlt werden. Er setzt sich zusammen aus der Pr\u00e4sidentin\/dem Pr\u00e4sidenten, der Vizepr\u00e4sidentin\/dem Vizepr\u00e4sidenten, der Aktuarin\/dem Aktuar, der Kassierin\/dem Kassier sowie aus Beisitzerinnen und Beisitzern. Die Pr\u00e4sidentin\/der Pr\u00e4sident wird von der ordentlichen Jahresversammlung bestimmt. Sie\/Er geh\u00f6rt in der Regel nach ihrem\/seinem R\u00fccktritt f\u00fcr eine weitere Amtsdauer als Vizepr\u00e4sidentin\/Vizepr\u00e4sident dem Vorstand an. Im \u00dcbrigen konstituiert sich der Vorstand selbst.<\/p>\n\n\n\n<h4 class=\"wp-block-heading\">Art.&nbsp;9<\/h4>\n\n\n\n<p>Zur \u00dcberpr\u00fcfung der Rechnungsf\u00fchrung werden aus den Reihen der Verbandsmitglieder zwei Rechnungsrevisorinnen\/-revisoren von der Generalversammlung gew\u00e4hlt.<\/p>\n\n\n\n<h4 class=\"wp-block-heading\">Art.&nbsp;10<\/h4>\n\n\n\n<p>Die Amtsdauer des Vorstands und der Rechnungsrevisorinnen\/-revisoren betr\u00e4gt drei Jahre. Wiederwahl ist zul\u00e4ssig. In der Regel ist die Amtszeit der Pr\u00e4sidentin\/des Pr\u00e4sidenten auf zwei Perioden beschr\u00e4nkt.<\/p>\n\n\n\n<h4 class=\"wp-block-heading\">Art.&nbsp;11<\/h4>\n\n\n\n<p>Zur Erf\u00fcllung besonderer Aufgaben kann der Vorstand weitere Mitglieder des SAV beiziehen. Diese nehmen mit beratender Stimme an den Vorstandssitzungen teil, soweit und solange dies der Vorstand f\u00fcr erforderlich h\u00e4lt. Die Delegierten des SAV beim VSG werden durch die ordentliche Jahresversammlung f\u00fcr die Dauer von drei Jahren gew\u00e4hlt.<\/p>\n\n\n\n<h4 class=\"wp-block-heading\">Art.&nbsp;12<\/h4>\n\n\n\n<p>Antr\u00e4ge auf \u00c4nderung der Statuten m\u00fcssen vom Vorstand oder von mindestens einem Zehntel aller Mitglieder gestellt sein. Sie m\u00fcssen an der n\u00e4chsten ordentlichen Jahresversammlung behandelt werden.<\/p>\n\n\n\n<h4 class=\"wp-block-heading\">Art.&nbsp;13<\/h4>\n\n\n\n<p>Der SAV kann nur durch einen Mehrheitsbeschluss aller Mitglieder aufgehoben werden. Bei einer Aufl\u00f6sung f\u00e4llt das Verm\u00f6gen des SAV dem VSG zu; der wissenschaftliche Fonds wird im Sinne seiner Bestimmung verwendet.<br>In der vorliegenden Form wurden die Statuten, die an der ordentlichen Jahresversammlung vom 15. November 1968 in Baden und an der ordentlichen Jahresversammlung vom 10. September 1999 in Fribourg in \u00fcberarbeiteter Form in Kraft gesetzt worden waren, an der ordentlichen Jahresversammlung vom 22.November 2024 in Fribourg genehmigt.<br><\/p>\n\n\n\n<p>Der Pr\u00e4sident: Martin St\u00fcssi<\/p>\n\n\n\n<p><a href=\"http:\/\/philologia.ch\/wordpress\/wp-content\/uploads\/2025\/11\/Statuten-SAV.docx\">Download der Statuten<\/a><\/p>\n\n\n\n<p><\/p>","protected":false},"excerpt":{"rendered":"<p>Art.&nbsp;1 Der Schweizerische Altphilologenverband (SAV) hat den Zweck, die Lehrerinnen und Lehrer der Sprachen L und GR an den schweizerischen Mittelschulen wissenschaftlich und methodisch zu f\u00f6rdern und ihnen durch die Gelegenheit zu pers\u00f6nlichem Kontakt weitere Anregungen zu bieten. Er unterh\u00e4lt einen Fonds zur F\u00f6rderung wissenschaftlicher Bestrebungen. Art.&nbsp;2 Der SAV geh\u00f6rt als Fachverband dem Verein Schweizerischer &hellip; <\/p>\n<p class=\"link-more\"><a href=\"https:\/\/philologia.ch\/wordpress\/fr\/verein\/beispiel-seite\/\" class=\"more-link\">Continuer la lecture<span class=\"screen-reader-text\"> de &laquo;&nbsp;Statuten des Schweizerischen Altphilologenverbandes&nbsp;&raquo;<\/span><\/a><\/p>","protected":false},"author":1,"featured_media":0,"parent":9,"menu_order":0,"comment_status":"closed","ping_status":"closed","template":"","meta":{"footnotes":""},"class_list":["post-2","page","type-page","status-publish","hentry"],"yoast_head":"<!-- This site is optimized with the Yoast SEO plugin v27.4 - https:\/\/yoast.com\/product\/yoast-seo-wordpress\/ -->\n<title>Statuten des Schweizerischen Altphilologenverbandes - SAV\/ASPC\/ASFC<\/title>\n<meta name=\"robots\" content=\"index, follow, max-snippet:-1, max-image-preview:large, max-video-preview:-1\" \/>\n<link rel=\"canonical\" href=\"https:\/\/philologia.ch\/wordpress\/fr\/verein\/beispiel-seite\/\" \/>\n<meta property=\"og:locale\" content=\"fr_FR\" \/>\n<meta property=\"og:type\" content=\"article\" \/>\n<meta property=\"og:title\" content=\"Statuten des Schweizerischen Altphilologenverbandes - SAV\/ASPC\/ASFC\" \/>\n<meta property=\"og:description\" content=\"Art.&nbsp;1 Der Schweizerische Altphilologenverband (SAV) hat den Zweck, die Lehrerinnen und Lehrer der Sprachen L und GR an den schweizerischen Mittelschulen wissenschaftlich und methodisch zu f\u00f6rdern und ihnen durch die Gelegenheit zu pers\u00f6nlichem Kontakt weitere Anregungen zu bieten. Er unterh\u00e4lt einen Fonds zur F\u00f6rderung wissenschaftlicher Bestrebungen. Art.&nbsp;2 Der SAV geh\u00f6rt als Fachverband dem Verein Schweizerischer &hellip; Continuer la lecture de &laquo;&nbsp;Statuten des Schweizerischen Altphilologenverbandes&nbsp;&raquo;\" \/>\n<meta property=\"og:url\" content=\"https:\/\/philologia.ch\/wordpress\/fr\/verein\/beispiel-seite\/\" \/>\n<meta property=\"og:site_name\" content=\"SAV\/ASPC\/ASFC\" \/>\n<meta property=\"article:modified_time\" content=\"2025-11-10T16:46:15+00:00\" \/>\n<meta name=\"twitter:card\" content=\"summary_large_image\" \/>\n<meta name=\"twitter:label1\" content=\"Dur\u00e9e de lecture estim\u00e9e\" \/>\n\t<meta name=\"twitter:data1\" content=\"3 minutes\" \/>\n<script type=\"application\/ld+json\" class=\"yoast-schema-graph\">{\"@context\":\"https:\\\/\\\/schema.org\",\"@graph\":[{\"@type\":\"WebPage\",\"@id\":\"https:\\\/\\\/philologia.ch\\\/wordpress\\\/verein\\\/beispiel-seite\\\/\",\"url\":\"https:\\\/\\\/philologia.ch\\\/wordpress\\\/verein\\\/beispiel-seite\\\/\",\"name\":\"Statuten des Schweizerischen Altphilologenverbandes - SAV\\\/ASPC\\\/ASFC\",\"isPartOf\":{\"@id\":\"http:\\\/\\\/philologia.ch\\\/wordpress\\\/#website\"},\"datePublished\":\"2019-09-07T13:57:19+00:00\",\"dateModified\":\"2025-11-10T16:46:15+00:00\",\"breadcrumb\":{\"@id\":\"https:\\\/\\\/philologia.ch\\\/wordpress\\\/verein\\\/beispiel-seite\\\/#breadcrumb\"},\"inLanguage\":\"fr-FR\",\"potentialAction\":[{\"@type\":\"ReadAction\",\"target\":[\"https:\\\/\\\/philologia.ch\\\/wordpress\\\/verein\\\/beispiel-seite\\\/\"]}]},{\"@type\":\"BreadcrumbList\",\"@id\":\"https:\\\/\\\/philologia.ch\\\/wordpress\\\/verein\\\/beispiel-seite\\\/#breadcrumb\",\"itemListElement\":[{\"@type\":\"ListItem\",\"position\":1,\"name\":\"Home\",\"item\":\"http:\\\/\\\/philologia.ch\\\/wordpress\\\/\"},{\"@type\":\"ListItem\",\"position\":2,\"name\":\"Verein\",\"item\":\"http:\\\/\\\/philologia.ch\\\/wordpress\\\/verein\\\/\"},{\"@type\":\"ListItem\",\"position\":3,\"name\":\"Statuten des Schweizerischen Altphilologenverbandes\"}]},{\"@type\":\"WebSite\",\"@id\":\"http:\\\/\\\/philologia.ch\\\/wordpress\\\/#website\",\"url\":\"http:\\\/\\\/philologia.ch\\\/wordpress\\\/\",\"name\":\"SAV\\\/ASPC\\\/ASFC\",\"description\":\"Schweizerischer Altphilologenverband\",\"potentialAction\":[{\"@type\":\"SearchAction\",\"target\":{\"@type\":\"EntryPoint\",\"urlTemplate\":\"http:\\\/\\\/philologia.ch\\\/wordpress\\\/?s={search_term_string}\"},\"query-input\":{\"@type\":\"PropertyValueSpecification\",\"valueRequired\":true,\"valueName\":\"search_term_string\"}}],\"inLanguage\":\"fr-FR\"}]}<\/script>\n<!-- \/ Yoast SEO plugin. -->","yoast_head_json":{"title":"Statuten des Schweizerischen Altphilologenverbandes - SAV\/ASPC\/ASFC","robots":{"index":"index","follow":"follow","max-snippet":"max-snippet:-1","max-image-preview":"max-image-preview:large","max-video-preview":"max-video-preview:-1"},"canonical":"https:\/\/philologia.ch\/wordpress\/fr\/verein\/beispiel-seite\/","og_locale":"fr_FR","og_type":"article","og_title":"Statuten des Schweizerischen Altphilologenverbandes - SAV\/ASPC\/ASFC","og_description":"Art.&nbsp;1 Der Schweizerische Altphilologenverband (SAV) hat den Zweck, die Lehrerinnen und Lehrer der Sprachen L und GR an den schweizerischen Mittelschulen wissenschaftlich und methodisch zu f\u00f6rdern und ihnen durch die Gelegenheit zu pers\u00f6nlichem Kontakt weitere Anregungen zu bieten. Er unterh\u00e4lt einen Fonds zur F\u00f6rderung wissenschaftlicher Bestrebungen. Art.&nbsp;2 Der SAV geh\u00f6rt als Fachverband dem Verein Schweizerischer &hellip; Continuer la lecture de &laquo;&nbsp;Statuten des Schweizerischen Altphilologenverbandes&nbsp;&raquo;","og_url":"https:\/\/philologia.ch\/wordpress\/fr\/verein\/beispiel-seite\/","og_site_name":"SAV\/ASPC\/ASFC","article_modified_time":"2025-11-10T16:46:15+00:00","twitter_card":"summary_large_image","twitter_misc":{"Dur\u00e9e de lecture estim\u00e9e":"3 minutes"},"schema":{"@context":"https:\/\/schema.org","@graph":[{"@type":"WebPage","@id":"https:\/\/philologia.ch\/wordpress\/verein\/beispiel-seite\/","url":"https:\/\/philologia.ch\/wordpress\/verein\/beispiel-seite\/","name":"Statuten des Schweizerischen Altphilologenverbandes - SAV\/ASPC\/ASFC","isPartOf":{"@id":"http:\/\/philologia.ch\/wordpress\/#website"},"datePublished":"2019-09-07T13:57:19+00:00","dateModified":"2025-11-10T16:46:15+00:00","breadcrumb":{"@id":"https:\/\/philologia.ch\/wordpress\/verein\/beispiel-seite\/#breadcrumb"},"inLanguage":"fr-FR","potentialAction":[{"@type":"ReadAction","target":["https:\/\/philologia.ch\/wordpress\/verein\/beispiel-seite\/"]}]},{"@type":"BreadcrumbList","@id":"https:\/\/philologia.ch\/wordpress\/verein\/beispiel-seite\/#breadcrumb","itemListElement":[{"@type":"ListItem","position":1,"name":"Home","item":"http:\/\/philologia.ch\/wordpress\/"},{"@type":"ListItem","position":2,"name":"Verein","item":"http:\/\/philologia.ch\/wordpress\/verein\/"},{"@type":"ListItem","position":3,"name":"Statuten des Schweizerischen Altphilologenverbandes"}]},{"@type":"WebSite","@id":"http:\/\/philologia.ch\/wordpress\/#website","url":"http:\/\/philologia.ch\/wordpress\/","name":"SAV\/ASPC\/ASFC","description":"Association Suisse des philologues classiques","potentialAction":[{"@type":"SearchAction","target":{"@type":"EntryPoint","urlTemplate":"http:\/\/philologia.ch\/wordpress\/?s={search_term_string}"},"query-input":{"@type":"PropertyValueSpecification","valueRequired":true,"valueName":"search_term_string"}}],"inLanguage":"fr-FR"}]}},"_links":{"self":[{"href":"https:\/\/philologia.ch\/wordpress\/fr\/wp-json\/wp\/v2\/pages\/2","targetHints":{"allow":["GET"]}}],"collection":[{"href":"https:\/\/philologia.ch\/wordpress\/fr\/wp-json\/wp\/v2\/pages"}],"about":[{"href":"https:\/\/philologia.ch\/wordpress\/fr\/wp-json\/wp\/v2\/types\/page"}],"author":[{"embeddable":true,"href":"https:\/\/philologia.ch\/wordpress\/fr\/wp-json\/wp\/v2\/users\/1"}],"replies":[{"embeddable":true,"href":"https:\/\/philologia.ch\/wordpress\/fr\/wp-json\/wp\/v2\/comments?post=2"}],"version-history":[{"count":3,"href":"https:\/\/philologia.ch\/wordpress\/fr\/wp-json\/wp\/v2\/pages\/2\/revisions"}],"predecessor-version":[{"id":674,"href":"https:\/\/philologia.ch\/wordpress\/fr\/wp-json\/wp\/v2\/pages\/2\/revisions\/674"}],"up":[{"embeddable":true,"href":"https:\/\/philologia.ch\/wordpress\/fr\/wp-json\/wp\/v2\/pages\/9"}],"wp:attachment":[{"href":"https:\/\/philologia.ch\/wordpress\/fr\/wp-json\/wp\/v2\/media?parent=2"}],"curies":[{"name":"wp","href":"https:\/\/api.w.org\/{rel}","templated":true}]}}