{"id":9,"date":"2019-09-07T16:00:56","date_gmt":"2019-09-07T14:00:56","guid":{"rendered":"http:\/\/philologia.ch\/wordpress\/?page_id=9"},"modified":"2020-05-28T16:54:19","modified_gmt":"2020-05-28T14:54:19","slug":"verein","status":"publish","type":"page","link":"http:\/\/philologia.ch\/wordpress\/verein\/","title":{"rendered":"Verein"},"content":{"rendered":"<p>Der Verband f\u00f6rdert die Verbindung unter den Lehrenden der Alten Sprachen in der Schweiz \u00fcber die Regionen und Sprachgrenzen hinweg. Er organisiert f\u00fcr seine Mitglieder j\u00e4hrlich einen mehrt\u00e4gigen fachbezogenen Weiterbildungskurs. Unsere Mitglieder planen, realisieren und unterst\u00fctzen in den Regionen Massnahmen und Veranstaltungen, um die Alten Sprachen und die von ihnen gepr\u00e4gte Kunst, Literatur, Architektur, Philosophie und Musik der weiteren \u00d6ffentlichkeit nahe zu bringen.<\/p>\n<p>Als Sektion des Schweizerischen Gymnasiallehrerverbandes gestaltet der Altphilologenverband die Gymnasialpolitik mit, und als Mitglied der Euroclassica pflegt er Kontakte mit den Lehrenden der Alten Sprachen in den meisten europ\u00e4ischen L\u00e4ndern.<\/p>\n<p>Unsere Seiten enthalten f\u00fcr interessierte Besucher Hinweise zu aktuellen Veranstaltungen und Ausstellungen. Eine \u00dcbersicht \u00fcber die wichtigsten WWW-Adressen zu den Alten Sprachen und der Kultur der Antike findet man in unserer kommentierten Linksammlung (mit Links zu Universit\u00e4ten, zu allgemeinen Einstiegsseiten, zu Schulen und Schulservern sowie zu Materialiensammlungen und Software). Zur leichteren Kontaktaufnahme sind die Adressen der Vorstandsmitglieder zusammengestellt.<\/p>\n<p>Speziell an Sch\u00fclerinnen und Sch\u00fcler gerichtet ist die Seite \u201eWarum Alte Sprachen lernen?\u201e, wo Informationen und \u00dcberlegungen zur Wahl der F\u00e4cher Latein und Griechisch gegeben werden. \u00dcber diese Seite l\u00e4sst sich zus\u00e4tzlich Informationsmaterial (Brosch\u00fcre, Plakate) bestellen.<\/p>\n<p>F\u00fcr Fachkolleginnen und -kollegen sind die beiden Themenkreise \u201eSchule\u201c und \u201eLatinum\u201c konzipiert, wo neben Materialien f\u00fcr den Unterricht auch Diskussionsbeitr\u00e4ge und Statistiken zur Stellung der Alten Sprachen ver\u00f6ffentlicht werden. Diese Informationen sowie Artikel zu anderen Themen lassen sich ebenfalls der Online-Fassung unseres Bulletins entnehmen.<\/p>\n<p>Ausschliesslich f\u00fcr Mitglieder von Interesse sind die Agenda mit den vereinsspezifischen Terminen (Sitzungen, Versammlungen und Weiterbildungsveranstaltungen) sowie das Mitglieder-Verzeichnis.<\/p>\n<p>Weitere Informationen finden Sie in unserer Werbebrosch\u00fcre.<\/p>\n<div id=\"eta_3\" class=\"ewe_edit_button lazyload\" style=\"background-image:inherit;\" data-bg-image=\"url(&#039;chrome-extension:\/\/ljobjlafonikaiipfkggjbhkghgicgoh\/icons\/gumdrop.png&#039;)\">\u00a0<\/div>\n\n\n<p><\/p>\n","protected":false},"excerpt":{"rendered":"<p>Der Verband f\u00f6rdert die Verbindung unter den Lehrenden der Alten Sprachen in der Schweiz \u00fcber die Regionen und Sprachgrenzen hinweg. Er organisiert f\u00fcr seine Mitglieder j\u00e4hrlich einen mehrt\u00e4gigen fachbezogenen Weiterbildungskurs. Unsere Mitglieder planen, realisieren und unterst\u00fctzen in den Regionen Massnahmen und Veranstaltungen, um die Alten Sprachen und die von ihnen gepr\u00e4gte Kunst, Literatur, Architektur, Philosophie &hellip; <\/p>\n<p class=\"link-more\"><a href=\"http:\/\/philologia.ch\/wordpress\/verein\/\" class=\"more-link\"><span class=\"screen-reader-text\">&#171;Verein&#187;<\/span> weiterlesen<\/a><\/p>\n","protected":false},"author":1,"featured_media":34,"parent":0,"menu_order":0,"comment_status":"closed","ping_status":"closed","template":"","meta":{"footnotes":""},"class_list":["post-9","page","type-page","status-publish","has-post-thumbnail","hentry"],"yoast_head":"<!-- This site is optimized with the Yoast SEO plugin v27.5 - https:\/\/yoast.com\/product\/yoast-seo-wordpress\/ -->\n<title>Verein - SAV\/ASPC\/ASFC<\/title>\n<meta name=\"robots\" content=\"index, follow, max-snippet:-1, max-image-preview:large, max-video-preview:-1\" \/>\n<link rel=\"canonical\" href=\"http:\/\/philologia.ch\/wordpress\/verein\/\" \/>\n<meta property=\"og:locale\" content=\"de_DE\" \/>\n<meta property=\"og:type\" content=\"article\" \/>\n<meta property=\"og:title\" content=\"Verein - SAV\/ASPC\/ASFC\" \/>\n<meta property=\"og:description\" content=\"Der Verband f\u00f6rdert die Verbindung unter den Lehrenden der Alten Sprachen in der Schweiz \u00fcber die Regionen und Sprachgrenzen hinweg. Er organisiert f\u00fcr seine Mitglieder j\u00e4hrlich einen mehrt\u00e4gigen fachbezogenen Weiterbildungskurs. Unsere Mitglieder planen, realisieren und unterst\u00fctzen in den Regionen Massnahmen und Veranstaltungen, um die Alten Sprachen und die von ihnen gepr\u00e4gte Kunst, Literatur, Architektur, Philosophie &hellip; &quot;Verein&quot; weiterlesen\" \/>\n<meta property=\"og:url\" content=\"http:\/\/philologia.ch\/wordpress\/verein\/\" \/>\n<meta property=\"og:site_name\" content=\"SAV\/ASPC\/ASFC\" \/>\n<meta property=\"article:modified_time\" content=\"2020-05-28T14:54:19+00:00\" \/>\n<meta property=\"og:image\" content=\"http:\/\/philologia.ch\/wordpress\/wp-content\/uploads\/2019\/09\/Akropolis_SHansche-iStock.jpg\" \/>\n\t<meta property=\"og:image:width\" content=\"1366\" \/>\n\t<meta property=\"og:image:height\" content=\"768\" \/>\n\t<meta property=\"og:image:type\" content=\"image\/jpeg\" \/>\n<meta name=\"twitter:card\" content=\"summary_large_image\" \/>\n<meta name=\"twitter:label1\" content=\"Gesch\u00e4tzte Lesezeit\" \/>\n\t<meta name=\"twitter:data1\" content=\"1\u00a0Minute\" \/>\n<script type=\"application\/ld+json\" class=\"yoast-schema-graph\">{\"@context\":\"https:\\\/\\\/schema.org\",\"@graph\":[{\"@type\":\"WebPage\",\"@id\":\"http:\\\/\\\/philologia.ch\\\/wordpress\\\/verein\\\/\",\"url\":\"http:\\\/\\\/philologia.ch\\\/wordpress\\\/verein\\\/\",\"name\":\"Verein - SAV\\\/ASPC\\\/ASFC\",\"isPartOf\":{\"@id\":\"http:\\\/\\\/philologia.ch\\\/wordpress\\\/#website\"},\"primaryImageOfPage\":{\"@id\":\"http:\\\/\\\/philologia.ch\\\/wordpress\\\/verein\\\/#primaryimage\"},\"image\":{\"@id\":\"http:\\\/\\\/philologia.ch\\\/wordpress\\\/verein\\\/#primaryimage\"},\"thumbnailUrl\":\"http:\\\/\\\/philologia.ch\\\/wordpress\\\/wp-content\\\/uploads\\\/2019\\\/09\\\/Akropolis_SHansche-iStock.jpg\",\"datePublished\":\"2019-09-07T14:00:56+00:00\",\"dateModified\":\"2020-05-28T14:54:19+00:00\",\"breadcrumb\":{\"@id\":\"http:\\\/\\\/philologia.ch\\\/wordpress\\\/verein\\\/#breadcrumb\"},\"inLanguage\":\"de-CH\",\"potentialAction\":[{\"@type\":\"ReadAction\",\"target\":[\"http:\\\/\\\/philologia.ch\\\/wordpress\\\/verein\\\/\"]}]},{\"@type\":\"ImageObject\",\"inLanguage\":\"de-CH\",\"@id\":\"http:\\\/\\\/philologia.ch\\\/wordpress\\\/verein\\\/#primaryimage\",\"url\":\"http:\\\/\\\/philologia.ch\\\/wordpress\\\/wp-content\\\/uploads\\\/2019\\\/09\\\/Akropolis_SHansche-iStock.jpg\",\"contentUrl\":\"http:\\\/\\\/philologia.ch\\\/wordpress\\\/wp-content\\\/uploads\\\/2019\\\/09\\\/Akropolis_SHansche-iStock.jpg\",\"width\":1366,\"height\":768,\"caption\":\"Akropolis\"},{\"@type\":\"BreadcrumbList\",\"@id\":\"http:\\\/\\\/philologia.ch\\\/wordpress\\\/verein\\\/#breadcrumb\",\"itemListElement\":[{\"@type\":\"ListItem\",\"position\":1,\"name\":\"Home\",\"item\":\"http:\\\/\\\/philologia.ch\\\/wordpress\\\/\"},{\"@type\":\"ListItem\",\"position\":2,\"name\":\"Verein\"}]},{\"@type\":\"WebSite\",\"@id\":\"http:\\\/\\\/philologia.ch\\\/wordpress\\\/#website\",\"url\":\"http:\\\/\\\/philologia.ch\\\/wordpress\\\/\",\"name\":\"SAV\\\/ASPC\\\/ASFC\",\"description\":\"Schweizerischer Altphilologenverband\",\"potentialAction\":[{\"@type\":\"SearchAction\",\"target\":{\"@type\":\"EntryPoint\",\"urlTemplate\":\"http:\\\/\\\/philologia.ch\\\/wordpress\\\/?s={search_term_string}\"},\"query-input\":{\"@type\":\"PropertyValueSpecification\",\"valueRequired\":true,\"valueName\":\"search_term_string\"}}],\"inLanguage\":\"de-CH\"}]}<\/script>\n<!-- \/ Yoast SEO plugin. -->","yoast_head_json":{"title":"Verein - SAV\/ASPC\/ASFC","robots":{"index":"index","follow":"follow","max-snippet":"max-snippet:-1","max-image-preview":"max-image-preview:large","max-video-preview":"max-video-preview:-1"},"canonical":"http:\/\/philologia.ch\/wordpress\/verein\/","og_locale":"de_DE","og_type":"article","og_title":"Verein - SAV\/ASPC\/ASFC","og_description":"Der Verband f\u00f6rdert die Verbindung unter den Lehrenden der Alten Sprachen in der Schweiz \u00fcber die Regionen und Sprachgrenzen hinweg. Er organisiert f\u00fcr seine Mitglieder j\u00e4hrlich einen mehrt\u00e4gigen fachbezogenen Weiterbildungskurs. Unsere Mitglieder planen, realisieren und unterst\u00fctzen in den Regionen Massnahmen und Veranstaltungen, um die Alten Sprachen und die von ihnen gepr\u00e4gte Kunst, Literatur, Architektur, Philosophie &hellip; \"Verein\" weiterlesen","og_url":"http:\/\/philologia.ch\/wordpress\/verein\/","og_site_name":"SAV\/ASPC\/ASFC","article_modified_time":"2020-05-28T14:54:19+00:00","og_image":[{"width":1366,"height":768,"url":"http:\/\/philologia.ch\/wordpress\/wp-content\/uploads\/2019\/09\/Akropolis_SHansche-iStock.jpg","type":"image\/jpeg"}],"twitter_card":"summary_large_image","twitter_misc":{"Gesch\u00e4tzte Lesezeit":"1\u00a0Minute"},"schema":{"@context":"https:\/\/schema.org","@graph":[{"@type":"WebPage","@id":"http:\/\/philologia.ch\/wordpress\/verein\/","url":"http:\/\/philologia.ch\/wordpress\/verein\/","name":"Verein - SAV\/ASPC\/ASFC","isPartOf":{"@id":"http:\/\/philologia.ch\/wordpress\/#website"},"primaryImageOfPage":{"@id":"http:\/\/philologia.ch\/wordpress\/verein\/#primaryimage"},"image":{"@id":"http:\/\/philologia.ch\/wordpress\/verein\/#primaryimage"},"thumbnailUrl":"http:\/\/philologia.ch\/wordpress\/wp-content\/uploads\/2019\/09\/Akropolis_SHansche-iStock.jpg","datePublished":"2019-09-07T14:00:56+00:00","dateModified":"2020-05-28T14:54:19+00:00","breadcrumb":{"@id":"http:\/\/philologia.ch\/wordpress\/verein\/#breadcrumb"},"inLanguage":"de-CH","potentialAction":[{"@type":"ReadAction","target":["http:\/\/philologia.ch\/wordpress\/verein\/"]}]},{"@type":"ImageObject","inLanguage":"de-CH","@id":"http:\/\/philologia.ch\/wordpress\/verein\/#primaryimage","url":"http:\/\/philologia.ch\/wordpress\/wp-content\/uploads\/2019\/09\/Akropolis_SHansche-iStock.jpg","contentUrl":"http:\/\/philologia.ch\/wordpress\/wp-content\/uploads\/2019\/09\/Akropolis_SHansche-iStock.jpg","width":1366,"height":768,"caption":"Akropolis"},{"@type":"BreadcrumbList","@id":"http:\/\/philologia.ch\/wordpress\/verein\/#breadcrumb","itemListElement":[{"@type":"ListItem","position":1,"name":"Home","item":"http:\/\/philologia.ch\/wordpress\/"},{"@type":"ListItem","position":2,"name":"Verein"}]},{"@type":"WebSite","@id":"http:\/\/philologia.ch\/wordpress\/#website","url":"http:\/\/philologia.ch\/wordpress\/","name":"SAV\/ASPC\/ASFC","description":"Schweizerischer Altphilologenverband","potentialAction":[{"@type":"SearchAction","target":{"@type":"EntryPoint","urlTemplate":"http:\/\/philologia.ch\/wordpress\/?s={search_term_string}"},"query-input":{"@type":"PropertyValueSpecification","valueRequired":true,"valueName":"search_term_string"}}],"inLanguage":"de-CH"}]}},"_links":{"self":[{"href":"http:\/\/philologia.ch\/wordpress\/wp-json\/wp\/v2\/pages\/9","targetHints":{"allow":["GET"]}}],"collection":[{"href":"http:\/\/philologia.ch\/wordpress\/wp-json\/wp\/v2\/pages"}],"about":[{"href":"http:\/\/philologia.ch\/wordpress\/wp-json\/wp\/v2\/types\/page"}],"author":[{"embeddable":true,"href":"http:\/\/philologia.ch\/wordpress\/wp-json\/wp\/v2\/users\/1"}],"replies":[{"embeddable":true,"href":"http:\/\/philologia.ch\/wordpress\/wp-json\/wp\/v2\/comments?post=9"}],"version-history":[{"count":4,"href":"http:\/\/philologia.ch\/wordpress\/wp-json\/wp\/v2\/pages\/9\/revisions"}],"predecessor-version":[{"id":147,"href":"http:\/\/philologia.ch\/wordpress\/wp-json\/wp\/v2\/pages\/9\/revisions\/147"}],"wp:featuredmedia":[{"embeddable":true,"href":"http:\/\/philologia.ch\/wordpress\/wp-json\/wp\/v2\/media\/34"}],"wp:attachment":[{"href":"http:\/\/philologia.ch\/wordpress\/wp-json\/wp\/v2\/media?parent=9"}],"curies":[{"name":"wp","href":"https:\/\/api.w.org\/{rel}","templated":true}]}}